{"id":872,"date":"2022-01-07T12:34:57","date_gmt":"2022-01-07T12:34:57","guid":{"rendered":"https:\/\/zocapi.com\/?post_type=product&#038;p=872"},"modified":"2022-04-20T15:01:14","modified_gmt":"2022-04-20T15:01:14","slug":"sembradora-nm-4hilos","status":"publish","type":"product","link":"https:\/\/zocapi.com\/en\/product\/sembradora-nm-4hilos\/","title":{"rendered":"PNEUMATIC GARLIC PLANTER 6 ROW"},"content":{"rendered":"<p><strong>Garlic planter machine with pneumatic system of maximum precision and performance. It can be set from 2 to 16 rows.\nFeatures:\n\u00b7 Customized to your very own platting pattern.\n\u00b7 Minimum spacing of 25 cm single rows.\n\u00b7 Minimum spacing of 29 cm in double rows.\n\u00b7 Planting depth regulation.\n\u00b7 Rear compactor wheels.\n\u00b7 Durably built.\n\u00b7 Big hopper capacity.\n\u00b7 Adjustable number of seed per lineal meter.\n\u00b7 Easy interchangeable planting plates according to seed size.\n\u00b7 Minimal sound level (db).\n\u00b7 Max suction capacity.\n\u00b7 Compatible with similar and rounded seeds (e.g. Onions and shallots).<\/strong><\/p>","protected":false},"excerpt":{"rendered":"<p>Sembradora de ajos con sistema neum\u00e1tico de m\u00e1xima precisi\u00f3n y m\u00e1ximo rendimiento. Se puede montar desde 2 a 16 filas y desde un m\u00ednimo de 25 cm entre l\u00edneas . Regulaci\u00f3n en profundidad de siembra con ruedas traseras compactadoras, cantidad de semilla por l\u00ednea, diferentes platos de siembra intercambiables seg\u00fan tama\u00f1o de semilla, m\u00ednimo nivel [&hellip;]<\/p>","protected":false},"featured_media":1550,"comment_status":"open","ping_status":"closed","template":"","meta":{"_et_pb_use_builder":"off","_et_pb_old_content":"","_et_gb_content_width":""},"product_cat":[29,42],"product_tag":[38],"class_list":["post-872","product","type-product","status-publish","has-post-thumbnail","hentry","product_cat-arrancadora-de-ajos","product_cat-sembradora-ajos-neumatica","product_tag-neumatica"],"_links":{"self":[{"href":"https:\/\/zocapi.com\/en\/wp-json\/wp\/v2\/product\/872","targetHints":{"allow":["GET"]}}],"collection":[{"href":"https:\/\/zocapi.com\/en\/wp-json\/wp\/v2\/product"}],"about":[{"href":"https:\/\/zocapi.com\/en\/wp-json\/wp\/v2\/types\/product"}],"replies":[{"embeddable":true,"href":"https:\/\/zocapi.com\/en\/wp-json\/wp\/v2\/comments?post=872"}],"wp:featuredmedia":[{"embeddable":true,"href":"https:\/\/zocapi.com\/en\/wp-json\/wp\/v2\/media\/1550"}],"wp:attachment":[{"href":"https:\/\/zocapi.com\/en\/wp-json\/wp\/v2\/media?parent=872"}],"wp:term":[{"taxonomy":"product_cat","embeddable":true,"href":"https:\/\/zocapi.com\/en\/wp-json\/wp\/v2\/product_cat?post=872"},{"taxonomy":"product_tag","embeddable":true,"href":"https:\/\/zocapi.com\/en\/wp-json\/wp\/v2\/product_tag?post=872"}],"curies":[{"name":"wp","href":"https:\/\/api.w.org\/{rel}","templated":true}]}}