{"id":1719,"date":"2022-04-20T15:03:21","date_gmt":"2022-04-20T15:03:21","guid":{"rendered":"https:\/\/zocapi.com\/?post_type=product&#038;p=1719"},"modified":"2023-01-26T15:15:48","modified_gmt":"2023-01-26T15:15:48","slug":"tolva-900-kilos","status":"publish","type":"product","link":"https:\/\/zocapi.com\/en\/product\/tolva-900-kilos\/","title":{"rendered":"TOLVA 500 KILOS"},"content":{"rendered":"<p class=\" translation-block\"><strong><span style=\"color: #000000;\">Contenedores met\u00e1licos de almacenamiento para varios prop\u00f3sitos. Se pueden almacenar, dispensar o mover diferentes productos de un lugar a otro.<\/span><\/strong><br>\r\n<strong><span style=\"color: #000000;\">Caracter\u00edsticas:<\/span><\/strong><br>\r\n<strong><span style=\"color: #000000;\">\u00b7Su voltaje solicitado (monof\u00e1sico, bif\u00e1sico o trif\u00e1sico).<\/span><\/strong><br>\r\n<strong><span style=\"color: #000000;\">\u00b7Sistema de alimentaci\u00f3n autom\u00e1tica.<\/span><\/strong><br>\r\n<strong><span style=\"color: #000000;\">\u00b7 Regulaci\u00f3n de la velocidad de la cinta de alimentaci\u00f3n.<\/span><\/strong><br>\r\n<strong><span style=\"color: #000000;\">\u00b7 Capacidad seg\u00fan modelo o dimensi\u00f3n solicitada.<\/span><\/strong><br>\r\n<strong><span style=\"color: #000000;\">\u00b7Tolva de 500 kg con elevador de pelda\u00f1os para diferentes usos.<\/span><\/strong><\/p>","protected":false},"excerpt":{"rendered":"<p>Contenedores met\u00e1licos de almacenamiento para varios prop\u00f3sitos. Se pueden almacenar, dispensar o mover diferentes productos de un lugar a otro. Caracter\u00edsticas: \u00b7Su voltaje solicitado (monof\u00e1sico, bif\u00e1sico o trif\u00e1sico). \u00b7Sistema de alimentaci\u00f3n autom\u00e1tica. \u00b7 Regulaci\u00f3n de la velocidad de la cinta de alimentaci\u00f3n. \u00b7 Capacidad seg\u00fan modelo o dimensi\u00f3n solicitada. \u00b7Tolva de 500 kg con elevador [&hellip;]<\/p>","protected":false},"featured_media":1690,"comment_status":"open","ping_status":"closed","template":"","meta":{"_et_pb_use_builder":"","_et_pb_old_content":"","_et_gb_content_width":""},"product_cat":[61,62],"product_tag":[],"class_list":["post-1719","product","type-product","status-publish","has-post-thumbnail","hentry","product_cat-tolva-elevador-cintas-inspeccion","product_cat-tolvas-elevador-cinta-de-inspeccion"],"_links":{"self":[{"href":"https:\/\/zocapi.com\/en\/wp-json\/wp\/v2\/product\/1719","targetHints":{"allow":["GET"]}}],"collection":[{"href":"https:\/\/zocapi.com\/en\/wp-json\/wp\/v2\/product"}],"about":[{"href":"https:\/\/zocapi.com\/en\/wp-json\/wp\/v2\/types\/product"}],"replies":[{"embeddable":true,"href":"https:\/\/zocapi.com\/en\/wp-json\/wp\/v2\/comments?post=1719"}],"wp:featuredmedia":[{"embeddable":true,"href":"https:\/\/zocapi.com\/en\/wp-json\/wp\/v2\/media\/1690"}],"wp:attachment":[{"href":"https:\/\/zocapi.com\/en\/wp-json\/wp\/v2\/media?parent=1719"}],"wp:term":[{"taxonomy":"product_cat","embeddable":true,"href":"https:\/\/zocapi.com\/en\/wp-json\/wp\/v2\/product_cat?post=1719"},{"taxonomy":"product_tag","embeddable":true,"href":"https:\/\/zocapi.com\/en\/wp-json\/wp\/v2\/product_tag?post=1719"}],"curies":[{"name":"wp","href":"https:\/\/api.w.org\/{rel}","templated":true}]}}