{"id":1700,"date":"2022-04-20T14:23:02","date_gmt":"2022-04-20T14:23:02","guid":{"rendered":"https:\/\/zocapi.com\/?post_type=product&#038;p=1700"},"modified":"2022-12-20T15:13:49","modified_gmt":"2022-12-20T15:13:49","slug":"desgranadora-d-450","status":"publish","type":"product","link":"https:\/\/zocapi.com\/en\/product\/desgranadora-d-450\/","title":{"rendered":"GARLIC SPLITTER MACHINE D450"},"content":{"rendered":"<p><span style=\"color: #000000;\"><strong>Average garlic splitter machine which transforms garlic bulbs into garlic cloves. This garlic machine is capable to split all type of garlic bulbs and is good for any variety. \nFeatures: \n500 kg hopper with elevator\nSplitter module D450. \nRubber cracking bands of 0,25 mts wide.\nSuction turbine 1 hp \nInspection-selection belt 3 mts long x 0,5 mts wide\nDurably built\nSeed sorter by rotation of 5 different classifications. \nFor better performance, a vibratory seed sorter can be switch for a small additional cost.<\/strong><\/span><\/p>\n<p style=\"text-align: center;\"><a href='https:\/\/www.youtube.com\/shorts\/-3q4rH7DRvw' class='small-button smallred' target=\"_blank\">See video<\/a><\/p>","protected":false},"excerpt":{"rendered":"<p>Average garlic splitter machine which transforms garlic bulbs into garlic cloves. This garlic machine is capable to split all type of garlic bulbs and is good for any variety. \nFeatures: \n500 kg hopper with elevator\nSplitter module D450. \nRubber cracking bands of 0,25 mts wide.\nSuction turbine 1 hp \nInspection-selection belt 3 mts long x 0,5 mts wide\nDurably built\nSeed sorter by rotation of 5 different classifications. \nFor better performance, a vibratory seed sorter can be switch for a small additional cost. <a href='https:\/\/www.youtube.com\/shorts\/-3q4rH7DRvw' class='small-button smallred' target=\"_blank\">See video<\/a><\/p>","protected":false},"featured_media":2229,"comment_status":"open","ping_status":"closed","template":"","meta":{"_et_pb_use_builder":"on","_et_pb_old_content":"<span style=\"color: #000000;\"><strong>Desgranadora de ajos de m\u00e1ximo rendimiento con tolva, m\u00f3dulo de desgranador de 5mm de ancho,\u00a0cuadro el\u00e9ctrico con variadores electr\u00f3nicos de velocidad en bandas y cepillos, turbina de aspiraci\u00f3n de 5,5 H.P, cinta de inspecci\u00f3n-selecci\u00f3n, elevador de pelda\u00f1os.<\/strong><\/span>\r\n<p style=\"text-align: center;\">[button link=\"https:\/\/www.youtube.com\/shorts\/-3q4rH7DRvw\" color=\"red\" newwindow=\"yes\"] Ver video[\/button]<\/p>","_et_gb_content_width":""},"product_cat":[29,40,48,64],"product_tag":[],"class_list":["post-1700","product","type-product","status-publish","has-post-thumbnail","hentry","product_cat-arrancadora-de-ajos","product_cat-desgranadora-ajos","product_cat-post-cosecha-ajo","product_cat-desgrandora-ajos-post-cosecha-ajo"],"_links":{"self":[{"href":"https:\/\/zocapi.com\/en\/wp-json\/wp\/v2\/product\/1700","targetHints":{"allow":["GET"]}}],"collection":[{"href":"https:\/\/zocapi.com\/en\/wp-json\/wp\/v2\/product"}],"about":[{"href":"https:\/\/zocapi.com\/en\/wp-json\/wp\/v2\/types\/product"}],"replies":[{"embeddable":true,"href":"https:\/\/zocapi.com\/en\/wp-json\/wp\/v2\/comments?post=1700"}],"wp:featuredmedia":[{"embeddable":true,"href":"https:\/\/zocapi.com\/en\/wp-json\/wp\/v2\/media\/2229"}],"wp:attachment":[{"href":"https:\/\/zocapi.com\/en\/wp-json\/wp\/v2\/media?parent=1700"}],"wp:term":[{"taxonomy":"product_cat","embeddable":true,"href":"https:\/\/zocapi.com\/en\/wp-json\/wp\/v2\/product_cat?post=1700"},{"taxonomy":"product_tag","embeddable":true,"href":"https:\/\/zocapi.com\/en\/wp-json\/wp\/v2\/product_tag?post=1700"}],"curies":[{"name":"wp","href":"https:\/\/api.w.org\/{rel}","templated":true}]}}