{"id":1698,"date":"2022-04-20T14:19:54","date_gmt":"2022-04-20T14:19:54","guid":{"rendered":"https:\/\/zocapi.com\/?post_type=product&#038;p=1698"},"modified":"2023-01-13T16:13:55","modified_gmt":"2023-01-13T16:13:55","slug":"cosechadora-cortadora-4-hilos","status":"publish","type":"product","link":"https:\/\/zocapi.com\/en\/product\/cosechadora-cortadora-4-hilos\/","title":{"rendered":"HARVESTER CUTTER 4 ROW WITH SIDE UNLOAD TO TRAILER"},"content":{"rendered":"<p><strong>Garlic stems harvester-cutter machine with sophisticated stem cutter system which cuts off the stem out of the bulb.\nFeatures:\n\u00b7 Strap lines to achieve alignment.\n\u00b7 Subsequent stem cutting at the same height.\n\u00b7 Vibrators in each line to remove dirt and soil from garlic.\n\u00b7 Back-side unloading (only available in 1 and 2 row machine).\n\u00b7 Rear unloading or side discharge (available for 3-6 rows machines).\n\u00b7 Boom available to directly unload to trailer or bunker.\n\u00b7 Minimum distance between rows: 43cm.\n\u00b7 Durably built.<\/strong><strong>.<\/strong><\/p>","protected":false},"excerpt":{"rendered":"<p>Cosechadora-cortadora de tallo de ajo con sistema de cortadores de tallo mediante dos l\u00edneas de correas para conseguir la alineaci\u00f3n y su posterior corte de tallo a la misma altura. Vibraciones en cada l\u00ednea. Disponemos de m\u00e1quinas de 1 y 2 hilos con descarga trasera-lateral y m\u00e1quinas de 3-4-5 hilos con descarga trasera o bien [&hellip;]<\/p>","protected":false},"featured_media":1686,"comment_status":"open","ping_status":"closed","template":"","meta":{"_et_pb_use_builder":"","_et_pb_old_content":"","_et_gb_content_width":""},"product_cat":[29,36],"product_tag":[],"class_list":["post-1698","product","type-product","status-publish","has-post-thumbnail","hentry","product_cat-arrancadora-de-ajos","product_cat-cosechadora-cortadora"],"_links":{"self":[{"href":"https:\/\/zocapi.com\/en\/wp-json\/wp\/v2\/product\/1698","targetHints":{"allow":["GET"]}}],"collection":[{"href":"https:\/\/zocapi.com\/en\/wp-json\/wp\/v2\/product"}],"about":[{"href":"https:\/\/zocapi.com\/en\/wp-json\/wp\/v2\/types\/product"}],"replies":[{"embeddable":true,"href":"https:\/\/zocapi.com\/en\/wp-json\/wp\/v2\/comments?post=1698"}],"wp:featuredmedia":[{"embeddable":true,"href":"https:\/\/zocapi.com\/en\/wp-json\/wp\/v2\/media\/1686"}],"wp:attachment":[{"href":"https:\/\/zocapi.com\/en\/wp-json\/wp\/v2\/media?parent=1698"}],"wp:term":[{"taxonomy":"product_cat","embeddable":true,"href":"https:\/\/zocapi.com\/en\/wp-json\/wp\/v2\/product_cat?post=1698"},{"taxonomy":"product_tag","embeddable":true,"href":"https:\/\/zocapi.com\/en\/wp-json\/wp\/v2\/product_tag?post=1698"}],"curies":[{"name":"wp","href":"https:\/\/api.w.org\/{rel}","templated":true}]}}