{"id":1586,"date":"2022-03-22T16:10:29","date_gmt":"2022-03-22T16:10:29","guid":{"rendered":"https:\/\/zocapi.com\/?post_type=product&#038;p=1586"},"modified":"2022-11-08T19:18:22","modified_gmt":"2022-11-08T19:18:22","slug":"maquina-de-vision-optica-2","status":"publish","type":"product","link":"https:\/\/zocapi.com\/en\/product\/maquina-de-vision-optica-2\/","title":{"rendered":"M\u00c1QUINA DE VISI\u00d3N \u00d3PTICA"},"content":{"rendered":"","protected":false},"excerpt":{"rendered":"","protected":false},"featured_media":2007,"comment_status":"open","ping_status":"closed","template":"","meta":{"_et_pb_use_builder":"","_et_pb_old_content":"","_et_gb_content_width":""},"product_cat":[48,53,58,60],"product_tag":[67],"class_list":["post-1586","product","type-product","status-publish","has-post-thumbnail","hentry","product_cat-post-cosecha-ajo","product_cat-maquina-vision-optica-ajos","product_cat-frutos-secos","product_cat-maquina-optica-frutos-secos","product_tag-maquina-de-vision"],"_links":{"self":[{"href":"https:\/\/zocapi.com\/en\/wp-json\/wp\/v2\/product\/1586","targetHints":{"allow":["GET"]}}],"collection":[{"href":"https:\/\/zocapi.com\/en\/wp-json\/wp\/v2\/product"}],"about":[{"href":"https:\/\/zocapi.com\/en\/wp-json\/wp\/v2\/types\/product"}],"replies":[{"embeddable":true,"href":"https:\/\/zocapi.com\/en\/wp-json\/wp\/v2\/comments?post=1586"}],"wp:featuredmedia":[{"embeddable":true,"href":"https:\/\/zocapi.com\/en\/wp-json\/wp\/v2\/media\/2007"}],"wp:attachment":[{"href":"https:\/\/zocapi.com\/en\/wp-json\/wp\/v2\/media?parent=1586"}],"wp:term":[{"taxonomy":"product_cat","embeddable":true,"href":"https:\/\/zocapi.com\/en\/wp-json\/wp\/v2\/product_cat?post=1586"},{"taxonomy":"product_tag","embeddable":true,"href":"https:\/\/zocapi.com\/en\/wp-json\/wp\/v2\/product_tag?post=1586"}],"curies":[{"name":"wp","href":"https:\/\/api.w.org\/{rel}","templated":true}]}}