{"id":1581,"date":"2022-03-22T15:46:19","date_gmt":"2022-03-22T15:46:19","guid":{"rendered":"https:\/\/zocapi.com\/?post_type=product&#038;p=1581"},"modified":"2022-11-15T20:01:48","modified_gmt":"2022-11-15T20:01:48","slug":"atadora-zf1","status":"publish","type":"product","link":"https:\/\/zocapi.com\/en\/product\/atadora-zf1\/","title":{"rendered":"HARVESTER BINDER MACHINE ZF1"},"content":{"rendered":"<p><strong>Harvester binder machine with automatic binders. Great for harvesting 1,2,3 and even 4 rows of garlic at the time.\nFeatures:\n\u00b7 Vibrators to clean the root soil.\n\u00b7 Rear band with left-right motion.\n\u00b7 Durably built.\n\u00b7 Adjustable bunches.\n\u00b7 Harvesting depth regulation.\nAs optional, the 1 and 2 rows machines can be set with electro valves system and lever control, in 3-4 rows these features are included.<\/strong><\/p>\n<p style=\"text-align: center;\"><a href='https:\/\/youtu.be\/5cy_2S75Up0' class='small-button smallred' target=\"_blank\">See video<\/a><\/p>","protected":false},"excerpt":{"rendered":"<p>Cosechadora-atadora de ajos con sistema autom\u00e1tico de atadores, vibraciones para la limpieza de tierra en ra\u00edz y cinta trasera con movimiento derecha-izquierda. Pueden ser de 1-2-3 o 4 hilos. Como opcional en m\u00e1quinas de 1y 2 hilos se puede montar con sistema de electrov\u00e1lvulas y controlo con minilever, en m\u00e1quina de 3 y 4 va [&hellip;]<\/p>","protected":false},"featured_media":1580,"comment_status":"open","ping_status":"closed","template":"","meta":{"_et_pb_use_builder":"on","_et_pb_old_content":"<strong>Cosechadora-atadora de ajos con sistema autom\u00e1tico de atadores, vibraciones para la limpieza de tierra en ra\u00edz y cinta trasera con movimiento derecha-izquierda. Pueden ser de 1-2-3 o 4 hilos. Como opcional en m\u00e1quinas de 1y 2 hilos se puede montar con sistema de electrov\u00e1lvulas y controlo con minilever, en m\u00e1quina de 3 y 4 va de serie.<\/strong>\r\n<p style=\"text-align: center;\">[button link=\"https:\/\/youtu.be\/5cy_2S75Up0\" color=\"red\" newwindow=\"yes\"] Ver video[\/button]<\/p>","_et_gb_content_width":""},"product_cat":[29,34],"product_tag":[],"class_list":["post-1581","product","type-product","status-publish","has-post-thumbnail","hentry","product_cat-arrancadora-de-ajos","product_cat-cosechadora-ajos-atadora"],"_links":{"self":[{"href":"https:\/\/zocapi.com\/en\/wp-json\/wp\/v2\/product\/1581","targetHints":{"allow":["GET"]}}],"collection":[{"href":"https:\/\/zocapi.com\/en\/wp-json\/wp\/v2\/product"}],"about":[{"href":"https:\/\/zocapi.com\/en\/wp-json\/wp\/v2\/types\/product"}],"replies":[{"embeddable":true,"href":"https:\/\/zocapi.com\/en\/wp-json\/wp\/v2\/comments?post=1581"}],"wp:featuredmedia":[{"embeddable":true,"href":"https:\/\/zocapi.com\/en\/wp-json\/wp\/v2\/media\/1580"}],"wp:attachment":[{"href":"https:\/\/zocapi.com\/en\/wp-json\/wp\/v2\/media?parent=1581"}],"wp:term":[{"taxonomy":"product_cat","embeddable":true,"href":"https:\/\/zocapi.com\/en\/wp-json\/wp\/v2\/product_cat?post=1581"},{"taxonomy":"product_tag","embeddable":true,"href":"https:\/\/zocapi.com\/en\/wp-json\/wp\/v2\/product_tag?post=1581"}],"curies":[{"name":"wp","href":"https:\/\/api.w.org\/{rel}","templated":true}]}}