{"id":1578,"date":"2022-03-22T15:44:01","date_gmt":"2022-03-22T15:44:01","guid":{"rendered":"https:\/\/zocapi.com\/?post_type=product&#038;p=1578"},"modified":"2022-10-24T13:53:49","modified_gmt":"2022-10-24T13:53:49","slug":"maquina-de-vision-optica-para-el-ajo","status":"publish","type":"product","link":"https:\/\/zocapi.com\/en\/product\/maquina-de-vision-optica-para-el-ajo\/","title":{"rendered":"OPTICAL SORTER FOR PEELED GARLIC CLOVES"},"content":{"rendered":"<p><strong>Optical selector for peeled garlic cloves with capacity from 600 to 2000 kg\/h (according to the model). This garlic machine allows you to dismiss faulty\/invalid garlic cloves.\n\nFeatures:\n\n\u00b7 Automatic rejection system.\n\n\u00b7 Front exit of optimal garlic cloves.\n\n\u00b7 Accurate of 90 % approx. (according to conditions).\n\n\u00b7 Touch screen system.\n\n\u00b7 Programmable by color, size or deformity.\n\n\u00b7 Manufactured in stainless steel AISI304.\n\n\u00b7 Meets European health regulations.<\/strong><\/p>","protected":false},"excerpt":{"rendered":"<p>Optical selector for peeled garlic cloves with capacity from 600 to 2000 kg\/h (according to the model). This garlic machine allows you to dismiss faulty\/invalid garlic cloves.\n\nFeatures:\n\n\u00b7 Automatic rejection system.\n\n\u00b7 Front exit of optimal garlic cloves.\n\n\u00b7 Accurate of 90 % approx. (according to conditions).\n\n\u00b7 Touch screen system.\n\n\u00b7 Programmable by color, size or deformity.\n\n\u00b7 Manufactured in stainless steel AISI304.\n\n\u00b7 Meets European health regulations.<\/p>","protected":false},"featured_media":1751,"comment_status":"open","ping_status":"closed","template":"","meta":{"_et_pb_use_builder":"on","_et_pb_old_content":"<strong>Selectora \u00f3ptica para diente pelado con capacidad desde 600 a 2.000 kg\/hora (seg\u00fan modelos) con rechazo inferior de diente de ajo no deseado y salida delantera de diente \u00f3ptimo. Precisi\u00f3n del 85-90% aproximado (seg\u00fan condiciones)<\/strong>","_et_gb_content_width":""},"product_cat":[48,53,54,58,60],"product_tag":[67],"class_list":["post-1578","product","type-product","status-publish","has-post-thumbnail","hentry","product_cat-post-cosecha-ajo","product_cat-maquina-vision-optica-ajos","product_cat-peladora-diente","product_cat-frutos-secos","product_cat-maquina-optica-frutos-secos","product_tag-maquina-de-vision"],"_links":{"self":[{"href":"https:\/\/zocapi.com\/en\/wp-json\/wp\/v2\/product\/1578","targetHints":{"allow":["GET"]}}],"collection":[{"href":"https:\/\/zocapi.com\/en\/wp-json\/wp\/v2\/product"}],"about":[{"href":"https:\/\/zocapi.com\/en\/wp-json\/wp\/v2\/types\/product"}],"replies":[{"embeddable":true,"href":"https:\/\/zocapi.com\/en\/wp-json\/wp\/v2\/comments?post=1578"}],"wp:featuredmedia":[{"embeddable":true,"href":"https:\/\/zocapi.com\/en\/wp-json\/wp\/v2\/media\/1751"}],"wp:attachment":[{"href":"https:\/\/zocapi.com\/en\/wp-json\/wp\/v2\/media?parent=1578"}],"wp:term":[{"taxonomy":"product_cat","embeddable":true,"href":"https:\/\/zocapi.com\/en\/wp-json\/wp\/v2\/product_cat?post=1578"},{"taxonomy":"product_tag","embeddable":true,"href":"https:\/\/zocapi.com\/en\/wp-json\/wp\/v2\/product_tag?post=1578"}],"curies":[{"name":"wp","href":"https:\/\/api.w.org\/{rel}","templated":true}]}}