{"id":1561,"date":"2022-03-18T15:59:52","date_gmt":"2022-03-18T15:59:52","guid":{"rendered":"https:\/\/zocapi.com\/?post_type=product&#038;p=1561"},"modified":"2022-12-20T15:17:07","modified_gmt":"2022-12-20T15:17:07","slug":"maquina-de-ida-y-vuelta","status":"publish","type":"product","link":"https:\/\/zocapi.com\/en\/product\/maquina-de-ida-y-vuelta\/","title":{"rendered":"IN AND OUT PREPARATION-CLEANING STATION FOR GARLIC"},"content":{"rendered":"<p><strong>In and out preparation-cleaning station of garlic by modules. It can be personalized to your need in dimensions.\nFeatures:\n\u00b7 Durably built.\n\u00b7 Independent distribution modules machine.\n\u00b7 Cat1 Cat2 control per person.\n\u00b7 Empty packs area.\n\u00b7 Independent line for finished products.\n\u00b7 Independent line for garbage and husk.\n- As options a computer control system via touch screen, server and precision scale can be added.\n- Hopper, elevator, and brusher are the perfect match.<\/strong><\/p>","protected":false},"excerpt":{"rendered":"<p>Preparadora limpiadora de ida y vuelta de ajo por puestos. M\u00e1quina de distribuci\u00f3n por personas de modo independiente y control de cat1 cat2 por persona. L\u00ednea superior para envase vac\u00edo, l\u00ednea inferior para salida de producto terminado y l\u00ednea baja para salida de basura y pieles,. Opci\u00f3n de sistema inform\u00e1tico de control mediante pantalla t\u00e1ctil, [&hellip;]<\/p>","protected":false},"featured_media":2231,"comment_status":"open","ping_status":"closed","template":"","meta":{"_et_pb_use_builder":"","_et_pb_old_content":"","_et_gb_content_width":""},"product_cat":[48,50],"product_tag":[],"class_list":["post-1561","product","type-product","status-publish","has-post-thumbnail","hentry","product_cat-post-cosecha-ajo","product_cat-maquina-ajos-pelar"],"_links":{"self":[{"href":"https:\/\/zocapi.com\/en\/wp-json\/wp\/v2\/product\/1561","targetHints":{"allow":["GET"]}}],"collection":[{"href":"https:\/\/zocapi.com\/en\/wp-json\/wp\/v2\/product"}],"about":[{"href":"https:\/\/zocapi.com\/en\/wp-json\/wp\/v2\/types\/product"}],"replies":[{"embeddable":true,"href":"https:\/\/zocapi.com\/en\/wp-json\/wp\/v2\/comments?post=1561"}],"wp:featuredmedia":[{"embeddable":true,"href":"https:\/\/zocapi.com\/en\/wp-json\/wp\/v2\/media\/2231"}],"wp:attachment":[{"href":"https:\/\/zocapi.com\/en\/wp-json\/wp\/v2\/media?parent=1561"}],"wp:term":[{"taxonomy":"product_cat","embeddable":true,"href":"https:\/\/zocapi.com\/en\/wp-json\/wp\/v2\/product_cat?post=1561"},{"taxonomy":"product_tag","embeddable":true,"href":"https:\/\/zocapi.com\/en\/wp-json\/wp\/v2\/product_tag?post=1561"}],"curies":[{"name":"wp","href":"https:\/\/api.w.org\/{rel}","templated":true}]}}