{"id":1560,"date":"2022-03-18T15:56:18","date_gmt":"2022-03-18T15:56:18","guid":{"rendered":"https:\/\/zocapi.com\/?post_type=product&#038;p=1560"},"modified":"2022-10-24T13:54:01","modified_gmt":"2022-10-24T13:54:01","slug":"peladora-de-diente-por-aire","status":"publish","type":"product","link":"https:\/\/zocapi.com\/en\/product\/peladora-de-diente-por-aire\/","title":{"rendered":"GARLIC CLOVE PEELER MACHINE"},"content":{"rendered":"<p><strong>Garlic clove peeler machine that works by air pressure and lower rod tapes. It is effective for soft neck and hard neck garlic.\n\nFeatures:\n\n\u00b7 All manufactured in stainless steel AISI304.\n\n\u00b7 Supervised by European health department.\n\n\u00b7 Durably built.\n\n\u00b7 Capacity from 200 kg\/h to 1000 kg\/h (see models available).\n\no As additional, a hopper and inspection-selection belt, washing pool and turbine drying system on PVC perforated belt can be added.\n\n\u00a7 Air compressor and air deposit not included<\/strong><\/p>\n<p>&nbsp;<\/p>","protected":false},"excerpt":{"rendered":"<p>M\u00e1quina peladora de diente de ajo mediante sistema de batidores de aire conc\u00e9ntricos y cintas de varillas inferior. Puede suministrarse con tolva y cinta de inspecci\u00f3n-selecci\u00f3n, piscina de lavado y tren de secado con turbina sobre cinta perforada de PVC, todo fabricado en acero INOX AISI304. Capacidad 1.000 kg\/h, aire consumido 160 lts\/s, potencia el\u00e9ctrica [&hellip;]<\/p>","protected":false},"featured_media":1558,"comment_status":"open","ping_status":"closed","template":"","meta":{"_et_pb_use_builder":"","_et_pb_old_content":"","_et_gb_content_width":""},"product_cat":[48,52,54],"product_tag":[],"class_list":["post-1560","product","type-product","status-publish","has-post-thumbnail","hentry","product_cat-post-cosecha-ajo","product_cat-peladora-ajos-diente","product_cat-peladora-diente"],"_links":{"self":[{"href":"https:\/\/zocapi.com\/en\/wp-json\/wp\/v2\/product\/1560","targetHints":{"allow":["GET"]}}],"collection":[{"href":"https:\/\/zocapi.com\/en\/wp-json\/wp\/v2\/product"}],"about":[{"href":"https:\/\/zocapi.com\/en\/wp-json\/wp\/v2\/types\/product"}],"replies":[{"embeddable":true,"href":"https:\/\/zocapi.com\/en\/wp-json\/wp\/v2\/comments?post=1560"}],"wp:featuredmedia":[{"embeddable":true,"href":"https:\/\/zocapi.com\/en\/wp-json\/wp\/v2\/media\/1558"}],"wp:attachment":[{"href":"https:\/\/zocapi.com\/en\/wp-json\/wp\/v2\/media?parent=1560"}],"wp:term":[{"taxonomy":"product_cat","embeddable":true,"href":"https:\/\/zocapi.com\/en\/wp-json\/wp\/v2\/product_cat?post=1560"},{"taxonomy":"product_tag","embeddable":true,"href":"https:\/\/zocapi.com\/en\/wp-json\/wp\/v2\/product_tag?post=1560"}],"curies":[{"name":"wp","href":"https:\/\/api.w.org\/{rel}","templated":true}]}}