{"id":1527,"date":"2022-02-23T15:50:13","date_gmt":"2022-02-23T15:50:13","guid":{"rendered":"https:\/\/zocapi.com\/?post_type=product&#038;p=1527"},"modified":"2023-01-26T15:15:09","modified_gmt":"2023-01-26T15:15:09","slug":"tolva-3-500-kg","status":"publish","type":"product","link":"https:\/\/zocapi.com\/en\/product\/tolva-3-500-kg\/","title":{"rendered":"HOPPERS 3.500 kg"},"content":{"rendered":"<p class=\" translation-block\">Storage metal containers for several purposes. Different products can be stored, dispense or moved from one place to another. \nFeatures:\n\u2981\tYour requested voltage (single, double or three phases).\n\u2981\tAutomatic infeed system.\n\u2981\tInfeed belt speed regulation.\n\u2981\tCapacity according to the model or request dimension. \n\u2981\t4000 kg hopper with lower product exit belt and upper roof to avoid pressure over the outflow product.<\/p>","protected":false},"excerpt":{"rendered":"<p>Contenedores met\u00e1licos de almacenamiento para varios prop\u00f3sitos. Se pueden almacenar, dispensar o mover diferentes productos de un lugar a otro. Caracter\u00edsticas: \u00b7Su voltaje solicitado (monof\u00e1sico, bif\u00e1sico o trif\u00e1sico). \u00b7Sistema de alimentaci\u00f3n autom\u00e1tica. \u00b7 Regulaci\u00f3n de la velocidad de la cinta de alimentaci\u00f3n. \u00b7 Capacidad seg\u00fan modelo o dimensi\u00f3n solicitada. \u00b7 Tolva de 4000 kg con [&hellip;]<\/p>","protected":false},"featured_media":1688,"comment_status":"open","ping_status":"closed","template":"","meta":{"_et_pb_use_builder":"","_et_pb_old_content":"","_et_gb_content_width":""},"product_cat":[61,62],"product_tag":[],"class_list":["post-1527","product","type-product","status-publish","has-post-thumbnail","hentry","product_cat-tolva-elevador-cintas-inspeccion","product_cat-tolvas-elevador-cinta-de-inspeccion"],"_links":{"self":[{"href":"https:\/\/zocapi.com\/en\/wp-json\/wp\/v2\/product\/1527","targetHints":{"allow":["GET"]}}],"collection":[{"href":"https:\/\/zocapi.com\/en\/wp-json\/wp\/v2\/product"}],"about":[{"href":"https:\/\/zocapi.com\/en\/wp-json\/wp\/v2\/types\/product"}],"replies":[{"embeddable":true,"href":"https:\/\/zocapi.com\/en\/wp-json\/wp\/v2\/comments?post=1527"}],"wp:featuredmedia":[{"embeddable":true,"href":"https:\/\/zocapi.com\/en\/wp-json\/wp\/v2\/media\/1688"}],"wp:attachment":[{"href":"https:\/\/zocapi.com\/en\/wp-json\/wp\/v2\/media?parent=1527"}],"wp:term":[{"taxonomy":"product_cat","embeddable":true,"href":"https:\/\/zocapi.com\/en\/wp-json\/wp\/v2\/product_cat?post=1527"},{"taxonomy":"product_tag","embeddable":true,"href":"https:\/\/zocapi.com\/en\/wp-json\/wp\/v2\/product_tag?post=1527"}],"curies":[{"name":"wp","href":"https:\/\/api.w.org\/{rel}","templated":true}]}}