{"id":1507,"date":"2022-02-21T19:24:45","date_gmt":"2022-02-21T19:24:45","guid":{"rendered":"https:\/\/zocapi.com\/?post_type=product&#038;p=1507"},"modified":"2023-01-25T15:35:26","modified_gmt":"2023-01-25T15:35:26","slug":"rulada-de-goma","status":"publish","type":"product","link":"https:\/\/zocapi.com\/en\/product\/rulada-de-goma\/","title":{"rendered":"RUBBER BRUSHER"},"content":{"rendered":"<p class=\" translation-block\"><strong><span style=\"color: #000000;\">M\u00e1quina cepilladora de goma para ajo, buena para productos de suciedad pesada.<\/span><\/strong><br>\r\n<strong><span style=\"color: #000000;\">\u00b7 Su voltaje solicitado (monof\u00e1sico, bif\u00e1sico o trif\u00e1sico).<\/span><\/strong><br>\r\n<strong><span style=\"color: #000000;\">\u00b7 Capacidad de 7+ toneladas por hora<\/span><\/strong><br>\r\n<strong><span style=\"color: #000000;\">\u00b7 Construcci\u00f3n duradera.<\/span><\/strong><br>\r\n<strong><span style=\"color: #000000;\">\u00b7 Fuertes cepillos de goma.<\/span><\/strong><br>\r\n<strong><span style=\"color: #000000;\">\u00b7 Compatible con otros productos.<\/span><\/strong><\/p>","protected":false},"excerpt":{"rendered":"<p class=\" translation-block\"><strong><span style=\"color: #000000;\">M\u00e1quina cepilladora de goma para ajo, buena para productos de suciedad pesada.<\/span><\/strong><br>\r\n<strong><span style=\"color: #000000;\">\u00b7 Su voltaje solicitado (monof\u00e1sico, bif\u00e1sico o trif\u00e1sico).<\/span><\/strong><br>\r\n<strong><span style=\"color: #000000;\">\u00b7 Capacidad de 7+ toneladas por hora<\/span><\/strong><br>\r\n<strong><span style=\"color: #000000;\">\u00b7 Construcci\u00f3n duradera.<\/span><\/strong><br>\r\n<strong><span style=\"color: #000000;\">\u00b7 Fuertes cepillos de goma.<\/span><\/strong><br>\r\n<strong><span style=\"color: #000000;\">\u00b7 Compatible con otros productos.<\/span><\/strong><\/p>","protected":false},"featured_media":1681,"comment_status":"open","ping_status":"closed","template":"","meta":{"_et_pb_use_builder":"","_et_pb_old_content":"","_et_gb_content_width":""},"product_cat":[61,62],"product_tag":[],"class_list":["post-1507","product","type-product","status-publish","has-post-thumbnail","hentry","product_cat-tolva-elevador-cintas-inspeccion","product_cat-tolvas-elevador-cinta-de-inspeccion"],"_links":{"self":[{"href":"https:\/\/zocapi.com\/en\/wp-json\/wp\/v2\/product\/1507","targetHints":{"allow":["GET"]}}],"collection":[{"href":"https:\/\/zocapi.com\/en\/wp-json\/wp\/v2\/product"}],"about":[{"href":"https:\/\/zocapi.com\/en\/wp-json\/wp\/v2\/types\/product"}],"replies":[{"embeddable":true,"href":"https:\/\/zocapi.com\/en\/wp-json\/wp\/v2\/comments?post=1507"}],"wp:featuredmedia":[{"embeddable":true,"href":"https:\/\/zocapi.com\/en\/wp-json\/wp\/v2\/media\/1681"}],"wp:attachment":[{"href":"https:\/\/zocapi.com\/en\/wp-json\/wp\/v2\/media?parent=1507"}],"wp:term":[{"taxonomy":"product_cat","embeddable":true,"href":"https:\/\/zocapi.com\/en\/wp-json\/wp\/v2\/product_cat?post=1507"},{"taxonomy":"product_tag","embeddable":true,"href":"https:\/\/zocapi.com\/en\/wp-json\/wp\/v2\/product_tag?post=1507"}],"curies":[{"name":"wp","href":"https:\/\/api.w.org\/{rel}","templated":true}]}}