{"id":349,"date":"2021-12-07T10:47:06","date_gmt":"2021-12-07T10:47:06","guid":{"rendered":"https:\/\/zocapi.com\/?page_id=349"},"modified":"2023-01-23T16:04:16","modified_gmt":"2023-01-23T16:04:16","slug":"maquinaria-zocapi-2","status":"publish","type":"page","link":"https:\/\/zocapi.com\/en\/maquinaria-zocapi-2\/","title":{"rendered":"company"},"content":{"rendered":"<p>[et_pb_section fb_built=\u00bb1&#8243; fullwidth=\u00bbon\u00bb _builder_version=\u00bb4.14.4&#8243; _module_preset=\u00bbdefault\u00bb global_colors_info=\u00bb{}\u00bb][et_pb_fullwidth_image src=\u00bbhttps:\/\/zocapi.com\/wp-content\/uploads\/2022\/11\/Diseno-sin-titulo-26.jpg\u00bb alt=\u00bbMaquinaria zocapi\u00bb title_text=\u00bbMaquinaria zocapi\u00bb _builder_version=\u00bb4.14.4&#8243; _module_preset=\u00bbdefault\u00bb custom_padding=\u00bb||0px|||\u00bb global_colors_info=\u00bb{}\u00bb][\/et_pb_fullwidth_image][\/et_pb_section][et_pb_section fb_built=\u00bb1&#8243; _builder_version=\u00bb4.14.4&#8243; _module_preset=\u00bbdefault\u00bb background_color=\u00bb#FFFFFF\u00bb custom_margin=\u00bb-75px|||||\u00bb global_colors_info=\u00bb{}\u00bb][et_pb_row _builder_version=\u00bb4.14.4&#8243; _module_preset=\u00bbdefault\u00bb global_colors_info=\u00bb{}\u00bb][et_pb_column type=\u00bb4_4&#8243; _builder_version=\u00bb4.14.4&#8243; _module_preset=\u00bbdefault\u00bb global_colors_info=\u00bb{}\u00bb][et_pb_text _builder_version=\u00bb4.14.4&#8243; _module_preset=\u00bbdefault\u00bb global_colors_info=\u00bb{}\u00bb]<\/p>\n<h1><span style=\"color: #ff0000;\"><strong>MARKET LEADERS IN GARLIC HARVEST AND POST-HARVEST MACHINERY<\/strong><\/span><\/h1>\n<p>[\/et_pb_text][\/et_pb_column][\/et_pb_row][et_pb_row _builder_version=\u00bb4.14.4&#8243; _module_preset=\u00bbdefault\u00bb global_colors_info=\u00bb{}\u00bb][et_pb_column type=\u00bb4_4&#8243; _builder_version=\u00bb4.14.4&#8243; _module_preset=\u00bbdefault\u00bb global_colors_info=\u00bb{}\u00bb][et_pb_text _builder_version=\u00bb4.14.4&#8243; _module_preset=\u00bbdefault\u00bb global_colors_info=\u00bb{}\u00bb]<\/p>\n<h2 style=\"text-align: center;\"><span style=\"color: #ff0000;\">HARVEST THROUGH HARVESTER \u2013 CUTTERS<\/span><\/h2>\n<p><span style=\"color: #333333;\">We are a company mainly dedicated to the manufacture of machinery for garlic growing. With more than 20 years of experience, we work to offer the best products in the sector.<\/span><\/p>\n<p><span style=\"color: #333333;\">In Zocapi, we seek to optimize the work load of users, aiming to improve their productivity and thus achieving higher performance. We are heading towards to an Eco-friendly style of products with technical characteristics that provide greater control over the machines and reduce production costs. Because of this, we adapt to new market trends, encouraging the use of harvester-cutters which performance is similar to our harvester-binder, but they save labor costs during the harvest and everything related to the post-harvest of garlic.<\/span><\/p>\n<p>[\/et_pb_text][\/et_pb_column][\/et_pb_row][et_pb_row _builder_version=\u00bb4.14.4&#8243; _module_preset=\u00bbdefault\u00bb border_radii=\u00bbon|4px|4px|4px|4px\u00bb border_color_all=\u00bb#E02B20&#8243; global_colors_info=\u00bb{}\u00bb][et_pb_column type=\u00bb4_4&#8243; _builder_version=\u00bb4.14.4&#8243; _module_preset=\u00bbdefault\u00bb global_colors_info=\u00bb{}\u00bb][et_pb_video src=\u00bbhttps:\/\/zocapi.com\/wp-content\/uploads\/2022\/07\/Cosechadora-cortadora.mp4&#8243; _builder_version=\u00bb4.14.4&#8243; _module_preset=\u00bbdefault\u00bb global_colors_info=\u00bb{}\u00bb][\/et_pb_video][\/et_pb_column][\/et_pb_row][et_pb_row _builder_version=\u00bb4.14.4&#8243; _module_preset=\u00bbdefault\u00bb global_colors_info=\u00bb{}\u00bb][et_pb_column type=\u00bb4_4&#8243; _builder_version=\u00bb4.14.4&#8243; _module_preset=\u00bbdefault\u00bb global_colors_info=\u00bb{}\u00bb][et_pb_text _builder_version=\u00bb4.14.4&#8243; _module_preset=\u00bbdefault\u00bb hover_enabled=\u00bb0&#8243; global_colors_info=\u00bb{}\u00bb sticky_enabled=\u00bb0&#8243;]<\/p>\n<h2 style=\"text-align: center;\"><span style=\"color: #ff0000;\">CLASIFICADO DEL AJO POR MALLA MET\u00c1LICA<\/span><\/h2>\n<p class=\" translation-block\">We are pioneers in the installation of complete lines for garlic sorting by using metal mesh sorter. In this case, we have adapted a double cleaning table and we are using the garlic harvested with a harvester - cutter which was taken directly to the sorting line. The results are these shown in the video.<\/p>\n<p>[\/et_pb_text][\/et_pb_column][\/et_pb_row][et_pb_row _builder_version=\u00bb4.14.4&#8243; _module_preset=\u00bbdefault\u00bb border_radii=\u00bbon|7px|7px|7px|7px\u00bb border_color_all=\u00bb#E02B20&#8243; global_colors_info=\u00bb{}\u00bb][et_pb_column type=\u00bb4_4&#8243; _builder_version=\u00bb4.14.4&#8243; _module_preset=\u00bbdefault\u00bb global_colors_info=\u00bb{}\u00bb][et_pb_video src=\u00bbhttps:\/\/zocapi.com\/wp-content\/uploads\/2022\/07\/Clasificadora-malla-metalica-final.mp4&#8243; _builder_version=\u00bb4.14.4&#8243; _module_preset=\u00bbdefault\u00bb global_colors_info=\u00bb{}\u00bb][\/et_pb_video][\/et_pb_column][\/et_pb_row][et_pb_row _builder_version=\u00bb4.14.4&#8243; _module_preset=\u00bbdefault\u00bb global_colors_info=\u00bb{}\u00bb][et_pb_column type=\u00bb4_4&#8243; _builder_version=\u00bb4.14.4&#8243; _module_preset=\u00bbdefault\u00bb global_colors_info=\u00bb{}\u00bb][et_pb_text _builder_version=\u00bb4.14.4&#8243; _module_preset=\u00bbdefault\u00bb hover_enabled=\u00bb0&#8243; global_colors_info=\u00bb{}\u00bb sticky_enabled=\u00bb0&#8243;]<\/p>\n<h2 style=\"text-align: center;\"><span style=\"color: #ff0000;\">SPLITTING AND SEED SORTING<\/span><\/h2>\n<p class=\" translation-block\">We have different splitting lines according to the needs of our customers. In addition, we are the only ones in the market that have designed and patented our seed calibration system by vibration. This vibratory system is very effective, since it does not damage the seed or create friction between them; therefore it avoids partial or total damage.<\/p>\n<p>[\/et_pb_text][\/et_pb_column][\/et_pb_row][et_pb_row _builder_version=\u00bb4.14.4&#8243; _module_preset=\u00bbdefault\u00bb border_radii=\u00bbon|10px|10px|10px|10px\u00bb border_color_all=\u00bb#E02B20&#8243; global_colors_info=\u00bb{}\u00bb][et_pb_column type=\u00bb4_4&#8243; _builder_version=\u00bb4.14.4&#8243; _module_preset=\u00bbdefault\u00bb global_colors_info=\u00bb{}\u00bb][et_pb_video src=\u00bbhttps:\/\/zocapi.com\/wp-content\/uploads\/2022\/10\/Desgranado-calibrado.mp4&#8243; _builder_version=\u00bb4.14.4&#8243; _module_preset=\u00bbdefault\u00bb global_colors_info=\u00bb{}\u00bb][\/et_pb_video][\/et_pb_column][\/et_pb_row][\/et_pb_section][et_pb_section fb_built=\u00bb1&#8243; _builder_version=\u00bb4.14.4&#8243; _module_preset=\u00bbdefault\u00bb background_color=\u00bb#FFFFFF\u00bb min_height=\u00bb500px\u00bb height=\u00bb500px\u00bb max_height=\u00bb500px\u00bb custom_padding=\u00bb0px||0px|||\u00bb global_colors_info=\u00bb{}\u00bb][et_pb_row column_structure=\u00bb1_2,1_2&#8243; _builder_version=\u00bb4.14.2&#8243; _module_preset=\u00bbdefault\u00bb background_color=\u00bbRGBA(255,255,255,0)\u00bb width=\u00bb100%\u00bb max_width=\u00bb1907px\u00bb min_height=\u00bb329px\u00bb custom_margin=\u00bb-17px|0px|29px|-1px|false|false\u00bb custom_padding=\u00bb|0px|0px|15px|false|false\u00bb border_color_all=\u00bb#ff2323&#8243; global_colors_info=\u00bb{}\u00bb][et_pb_column type=\u00bb1_2&#8243; _builder_version=\u00bb4.14.2&#8243; _module_preset=\u00bbdefault\u00bb global_colors_info=\u00bb{}\u00bb][et_pb_image src=\u00bbhttps:\/\/zocapi.com\/wp-content\/uploads\/2022\/12\/Zocapi.jpg\u00bb alt=\u00bbReunion\u00bb title_text=\u00bbZocapi\u00bb align=\u00bbcenter\u00bb _builder_version=\u00bb4.14.4&#8243; _module_preset=\u00bbdefault\u00bb width=\u00bb100%\u00bb filter_saturate=\u00bb57%\u00bb border_radii=\u00bbon|15px|15px|15px|15px\u00bb global_colors_info=\u00bb{}\u00bb][\/et_pb_image][\/et_pb_column][et_pb_column type=\u00bb1_2&#8243; _builder_version=\u00bb4.14.2&#8243; _module_preset=\u00bbdefault\u00bb global_colors_info=\u00bb{}\u00bb][et_pb_text _builder_version=\u00bb4.14.4&#8243; _module_preset=\u00bbdefault\u00bb width=\u00bb95.2%\u00bb custom_margin=\u00bb-6px|||2px|false|false\u00bb custom_padding=\u00bb|17px||0px||\u00bb global_colors_info=\u00bb{}\u00bb]<\/p>\n<h4><span style=\"color: #ff0000;\">OUR STORY<\/span><\/h4>\n<p><span style=\"color: #ff0000;\"><\/span><\/p>\n<p class=\" translation-block\">Our story dates back to the 90s with the small manufacturer Antonio Picazo. A generation later, eager to innovate and perhaps, with more than inherited knowledge, the second generation of Picazos\u2019 continued under the same line of manufacturing, with the same values and with the same passion for garlic. As a result from this love, Maquinaria Zocapi emerged, a company dedicated to the manufacture of machinery for the cultivation of garlic.<\/p>\n<p>Nowadays, we know the product in all terms and we distribute machines all over the world. We also keep the prices lower to help all kinds of setbacks that may arise for our customers.<\/p>\n<p>In the future, we will continue to develop new strategies to face new trends, but we will retain the same passion and love for garlic. Thanks to all the clients who have trusted us and welcome to all those future clients who are yet to arrive. There is a long road ahead, let's walk it together.<\/p>\n<p>On behalf of the entire Maquin\u00e1ria zocapi team.<\/p>\n<p>[\/et_pb_text][\/et_pb_column][\/et_pb_row][\/et_pb_section][et_pb_section fb_built=\u00bb1&#8243; _builder_version=\u00bb4.14.4&#8243; _module_preset=\u00bbdefault\u00bb background_color=\u00bb#FFFFFF\u00bb min_height=\u00bb228.2px\u00bb custom_margin=\u00bb||-34px|||\u00bb custom_padding=\u00bb0px||43px|||\u00bb border_color_all=\u00bb#E02B20&#8243; global_colors_info=\u00bb{}\u00bb][et_pb_row _builder_version=\u00bb4.14.2&#8243; _module_preset=\u00bbdefault\u00bb min_height=\u00bb187.2px\u00bb global_colors_info=\u00bb{}\u00bb][et_pb_column type=\u00bb4_4&#8243; _builder_version=\u00bb4.14.2&#8243; _module_preset=\u00bbdefault\u00bb global_colors_info=\u00bb{}\u00bb][et_pb_text _builder_version=\u00bb4.14.2&#8243; _module_preset=\u00bbdefault\u00bb custom_padding=\u00bb0px|||||\u00bb global_colors_info=\u00bb{}\u00bb]<\/p>\n<h2 style=\"text-align: center;\"><span style=\"color: #ff0000;\">OUR VALUES<\/span><\/h2>\n<p><span style=\"color: #ff0000;\"><\/span><\/p>\n<p style=\"text-align: center;\" class=\" translation-block\">Our main objective is to provide our consumers with the best equipment, guaranteeing the quality of our products. We never stop learning, and we try to incorporate the newest technological innovations into our processes, in order to manufacture sturdy and efficient machinery, adapted to the market\u2019s need. We are characterized for our quality worldwide. We are careful in each and every aspect surrounding our company such as: production deadlines, customer service, patent development, selection of the best suppliers and technological investment.<\/p>\n<p>[\/et_pb_text][\/et_pb_column][\/et_pb_row][\/et_pb_section][et_pb_section fb_built=\u00bb1&#8243; _builder_version=\u00bb4.14.4&#8243; _module_preset=\u00bbdefault\u00bb background_color=\u00bb#FFFFFF\u00bb min_height=\u00bb736px\u00bb height=\u00bb729px\u00bb max_height=\u00bb742px\u00bb custom_margin=\u00bb34px||-164px|||\u00bb custom_padding=\u00bb38px||12px|||\u00bb global_colors_info=\u00bb{}\u00bb][et_pb_row column_structure=\u00bb1_2,1_2&#8243; _builder_version=\u00bb4.14.2&#8243; _module_preset=\u00bbdefault\u00bb custom_padding=\u00bb||15px|||\u00bb global_colors_info=\u00bb{}\u00bb][et_pb_column type=\u00bb1_2&#8243; _builder_version=\u00bb4.14.2&#8243; _module_preset=\u00bbdefault\u00bb global_colors_info=\u00bb{}\u00bb][et_pb_image src=\u00bbhttps:\/\/zocapi.com\/wp-content\/uploads\/2021\/12\/photo_2021-12-08_14-59-29.jpg\u00bb alt=\u00bbMapa Mundo\u00bb title_text=\u00bbEstamos donde tu estas\u00bb _builder_version=\u00bb4.14.4&#8243; _module_preset=\u00bbdefault\u00bb background_enable_image=\u00bboff\u00bb border_radii=\u00bbon|17px|17px|17px|17px\u00bb global_colors_info=\u00bb{}\u00bb][\/et_pb_image][\/et_pb_column][et_pb_column type=\u00bb1_2&#8243; _builder_version=\u00bb4.14.2&#8243; _module_preset=\u00bbdefault\u00bb global_colors_info=\u00bb{}\u00bb][et_pb_text _builder_version=\u00bb4.14.4&#8243; _module_preset=\u00bbdefault\u00bb global_colors_info=\u00bb{}\u00bb]<\/p>\n<h2 style=\"text-align: center;\"><span style=\"color: #ff0000;\">WE ARE WHERE YOU ARE<\/span><\/h2>\n<p>The headquarters of Zocapi is located in the heart of La Mancha Spain: Las Pedro\u00f1eras (Cuenca). From here we export all our machines to Brazil, Argentina, Mexico, Canada, Miami, Egypt, Bulgaria, Rumania, Poland, Russia, Australia and so on.<\/p>\n<p>In recent years we have bet for the expansion and internationalization of our business. As a result we are now present in more than 15 countries and we will continue to expand ourselves.<\/p>\n<p>Right now our biggest sale\u2019s point is focused on Latin America where they have seen the quality of the machines, commitment and seriousness of the company and the best price.\u00a0<\/p>\n<p>[\/et_pb_text][\/et_pb_column][\/et_pb_row][\/et_pb_section][et_pb_section fb_built=\u00bb1&#8243; _builder_version=\u00bb4.14.2&#8243; _module_preset=\u00bbdefault\u00bb min_height=\u00bb829px\u00bb custom_margin=\u00bb-55px||-115px|||\u00bb custom_padding=\u00bb12px||117px|||\u00bb global_colors_info=\u00bb{}\u00bb][et_pb_row column_structure=\u00bb1_2,1_2&#8243; _builder_version=\u00bb4.14.2&#8243; _module_preset=\u00bbdefault\u00bb custom_padding=\u00bb||190px|||\u00bb global_colors_info=\u00bb{}\u00bb][et_pb_column type=\u00bb1_2&#8243; _builder_version=\u00bb4.14.2&#8243; _module_preset=\u00bbdefault\u00bb global_colors_info=\u00bb{}\u00bb][et_pb_text _builder_version=\u00bb4.14.4&#8243; _module_preset=\u00bbdefault\u00bb global_colors_info=\u00bb{}\u00bb]<\/p>\n<h2 style=\"text-align: center;\"><span style=\"color: #ff0000;\"><\/span><\/h2>\n<h2 style=\"text-align: center;\"><span style=\"color: #ff0000;\"><\/span><\/h2>\n<h2 style=\"text-align: center;\"><span style=\"color: #ff0000;\"><\/span><\/h2>\n<h2 style=\"text-align: center;\"><span style=\"color: #ff0000;\"><\/span><\/h2>\n<h2 style=\"text-align: center;\"><span style=\"color: #ff0000;\"><\/span><\/h2>\n<h2 style=\"text-align: center;\"><span style=\"color: #ff0000;\"><\/span><\/h2>\n<h2 style=\"text-align: center;\"><span style=\"color: #ff0000;\"><\/span><\/h2>\n<h2 style=\"text-align: center;\"><span style=\"color: #ff0000;\"><\/span><\/h2>\n<h2 style=\"text-align: center;\"><span style=\"color: #ff0000;\"><\/span><\/h2>\n<p><span style=\"color: #ff0000;\"><\/span><\/p>\n<p><span style=\"color: #ff0000;\"><\/span><\/p>\n<p><span style=\"color: #ff0000;\"><\/span><\/p>\n<p><span style=\"color: #ff0000;\"><\/span><\/p>\n<p><span style=\"color: #ff0000;\"><\/span><\/p>\n<h2 style=\"text-align: center;\"><span style=\"color: #ff0000;\">INNOVATION AS LEADER OF RENEWAL<\/span><\/h2>\n<p style=\"text-align: left;\" class=\" translation-block\">In Zocapi we are committed to the quality of our machines. We firmly believe that research and innovation are the key in our manufacturing process, and for this reason we bet and invest in these. We have a team of engineers who work directly with the Technical Design Department, where the most advanced design programs are used. For years, we have been sales leaders in Spain. We have achieved this privileged position thanks to a good business strategy, based on the replies to the demands of the market and the constant changes.<\/p>\n<p>[\/et_pb_text][\/et_pb_column][et_pb_column type=\u00bb1_2&#8243; _builder_version=\u00bb4.14.2&#8243; _module_preset=\u00bbdefault\u00bb global_colors_info=\u00bb{}\u00bb][et_pb_image src=\u00bbhttps:\/\/zocapi.com\/wp-content\/uploads\/2022\/12\/WhatsApp-Image-2022-11-18-at-11.16.42-15.jpeg\u00bb alt=\u00bbCosechadora-cortadora\u00bb title_text=\u00bbCosechadora-cortadora\u00bb align=\u00bbcenter\u00bb _builder_version=\u00bb4.14.4&#8243; _module_preset=\u00bbdefault\u00bb width=\u00bb100%\u00bb max_width=\u00bb100%\u00bb module_alignment=\u00bbright\u00bb custom_margin=\u00bb|||-63px||\u00bb filter_saturate=\u00bb91%\u00bb border_radii=\u00bbon|13px|13px|13px|13px\u00bb global_colors_info=\u00bb{}\u00bb][\/et_pb_image][\/et_pb_column][\/et_pb_row][\/et_pb_section][et_pb_section fb_built=\u00bb1&#8243; _builder_version=\u00bb4.14.2&#8243; _module_preset=\u00bbdefault\u00bb background_color=\u00bb#282828&#8243; custom_margin=\u00bb-238px|||||\u00bb custom_padding=\u00bb0px||0px|||\u00bb global_colors_info=\u00bb{}\u00bb][et_pb_row _builder_version=\u00bb4.14.2&#8243; _module_preset=\u00bbdefault\u00bb global_colors_info=\u00bb{}\u00bb][et_pb_column type=\u00bb4_4&#8243; _builder_version=\u00bb4.14.2&#8243; _module_preset=\u00bbdefault\u00bb global_colors_info=\u00bb{}\u00bb][et_pb_text _builder_version=\u00bb4.14.2&#8243; _module_preset=\u00bbdefault\u00bb global_colors_info=\u00bb{}\u00bb]<\/p>\n<p><span style=\"color: #ffffff;\">Apostamos por la<strong><span style=\"color: #e02b20;\"> tecnolog\u00eda<\/span><\/strong>, la <span style=\"color: #e02b20;\"><strong>innovaci\u00f3n<\/strong><\/span> y la <span style=\"color: #e02b20;\"><strong>calidad<\/strong><\/span>, . Esta postura nos facilita poder dar una respuesta r\u00e1pida a las exigencias del mercado, y as\u00ed sentar las bases para crear las mejores m\u00e1quinas\u00a0<\/span><\/p>\n<p>[\/et_pb_text][\/et_pb_column][\/et_pb_row][\/et_pb_section]<\/p>","protected":false},"excerpt":{"rendered":"<p>L\u00cdDERES EN EL MERCADO EN MAQUIN\u00c1RIA PARA LA COSECHA Y POST-COSECHA DEL AJOCOSECHA MEDIANTE\u00a0 COSECHADORAS-CORTADORAS Somos una compa\u00f1\u00eda dedicada a la fabricaci\u00f3n de maquinaria para el cultivo del ajo. Con m\u00e1s de 20 a\u00f1os de experiencia, trabajando para ofrecer los mejores productos del sector. En Maquinaria zocapi buscamos optimizar el trabajo de los usuarios, con [&hellip;]<\/p>","protected":false},"author":1,"featured_media":0,"parent":0,"menu_order":0,"comment_status":"closed","ping_status":"closed","template":"","meta":{"_et_pb_use_builder":"on","_et_pb_old_content":"","_et_gb_content_width":"","footnotes":""},"class_list":["post-349","page","type-page","status-publish","hentry"],"_links":{"self":[{"href":"https:\/\/zocapi.com\/en\/wp-json\/wp\/v2\/pages\/349","targetHints":{"allow":["GET"]}}],"collection":[{"href":"https:\/\/zocapi.com\/en\/wp-json\/wp\/v2\/pages"}],"about":[{"href":"https:\/\/zocapi.com\/en\/wp-json\/wp\/v2\/types\/page"}],"author":[{"embeddable":true,"href":"https:\/\/zocapi.com\/en\/wp-json\/wp\/v2\/users\/1"}],"replies":[{"embeddable":true,"href":"https:\/\/zocapi.com\/en\/wp-json\/wp\/v2\/comments?post=349"}],"version-history":[{"count":69,"href":"https:\/\/zocapi.com\/en\/wp-json\/wp\/v2\/pages\/349\/revisions"}],"predecessor-version":[{"id":2266,"href":"https:\/\/zocapi.com\/en\/wp-json\/wp\/v2\/pages\/349\/revisions\/2266"}],"wp:attachment":[{"href":"https:\/\/zocapi.com\/en\/wp-json\/wp\/v2\/media?parent=349"}],"curies":[{"name":"wp","href":"https:\/\/api.w.org\/{rel}","templated":true}]}}