{"id":1813,"date":"2022-10-20T14:09:53","date_gmt":"2022-10-20T14:09:53","guid":{"rendered":"https:\/\/zocapi.com\/?page_id=1813"},"modified":"2022-11-17T18:57:33","modified_gmt":"2022-11-17T18:57:33","slug":"ocasion","status":"publish","type":"page","link":"https:\/\/zocapi.com\/en\/ocasion\/","title":{"rendered":"occasion"},"content":{"rendered":"<p>[et_pb_section fb_built=\u00bb1&#8243; _builder_version=\u00bb4.14.4&#8243; _module_preset=\u00bbdefault\u00bb background_color=\u00bb#FFFFFF\u00bb custom_padding=\u00bb||6px|||\u00bb global_colors_info=\u00bb{}\u00bb][et_pb_row _builder_version=\u00bb4.14.4&#8243; _module_preset=\u00bbdefault\u00bb global_colors_info=\u00bb{}\u00bb][et_pb_column type=\u00bb4_4&#8243; _builder_version=\u00bb4.14.4&#8243; _module_preset=\u00bbdefault\u00bb global_colors_info=\u00bb{}\u00bb][et_pb_text _builder_version=\u00bb4.14.4&#8243; _module_preset=\u00bbdefault\u00bb global_colors_info=\u00bb{}\u00bb]<\/p>\n<h1 style=\"text-align: center;\"><strong>HARVESTERS AND SEEDERS FOR THE CULTIVATION OF GARLIC<\/strong><\/h1>\n<p>[\/et_pb_text][\/et_pb_column][\/et_pb_row][et_pb_row _builder_version=\u00bb4.14.4&#8243; _module_preset=\u00bbdefault\u00bb global_colors_info=\u00bb{}\u00bb][et_pb_column type=\u00bb4_4&#8243; _builder_version=\u00bb4.14.4&#8243; _module_preset=\u00bbdefault\u00bb global_colors_info=\u00bb{}\u00bb][et_pb_gallery gallery_ids=\u00bb2060,2057,2058,2059,2055,2054,2053,2052&#8243; posts_number=\u00bb8&#8243; _builder_version=\u00bb4.14.4&#8243; _module_preset=\u00bbdefault\u00bb text_orientation=\u00bbcenter\u00bb hover_enabled=\u00bb0&#8243; border_radii=\u00bbon|9px|9px|9px|9px\u00bb global_colors_info=\u00bb{}\u00bb sticky_enabled=\u00bb0&#8243;][\/et_pb_gallery][\/et_pb_column][\/et_pb_row][\/et_pb_section][et_pb_section fb_built=\u00bb1&#8243; _builder_version=\u00bb4.14.4&#8243; _module_preset=\u00bbdefault\u00bb custom_padding=\u00bb2px|||||\u00bb global_colors_info=\u00bb{}\u00bb][et_pb_row _builder_version=\u00bb4.14.4&#8243; _module_preset=\u00bbdefault\u00bb global_colors_info=\u00bb{}\u00bb][et_pb_column type=\u00bb4_4&#8243; _builder_version=\u00bb4.14.4&#8243; _module_preset=\u00bbdefault\u00bb global_colors_info=\u00bb{}\u00bb][et_pb_text _builder_version=\u00bb4.14.4&#8243; _module_preset=\u00bbdefault\u00bb global_colors_info=\u00bb{}\u00bb]<\/p>\n<h2 style=\"text-align: center;\">OCASSION MACHINERY FOR GARLIC GROWING<\/h2>\n<p>[\/et_pb_text][et_pb_text _builder_version=\u00bb4.14.4&#8243; _module_preset=\u00bbdefault\u00bb hover_enabled=\u00bb0&#8243; global_colors_info=\u00bb{}\u00bb sticky_enabled=\u00bb0&#8243;]<\/p>\n<p>At Maquin\u00e1ria Zocapi we have the best second-hand machines on the market, revised and tuned to give it a second life. The list of machines that we usually have are:<\/p>\n<ul>\n<li><strong>HARVESTER BINDER MACHINE ZF2<\/strong><\/li>\n<li><strong>HARVESTER CUTTER 4 ROW WITH UNLOAD TO CLEANING TABLE AND PALLETS<\/strong><\/li>\n<li><strong>MECANIC GARLIC PLANTER<\/strong><\/li>\n<li><strong>PNEUMATIC GARLIC PLANTER<\/strong><\/li>\n<li><strong>HOPPERS 3.500 kg<\/strong><\/li>\n<li><strong>GARLIC SORTER MACHINE: RUBBER BAND<\/strong><\/li>\n<li><strong>SPLITTERS<\/strong><\/li>\n<li><strong>etc&#8230;<\/strong><\/li>\n<\/ul>\n<p>&nbsp;<\/p>\n<p>Do not hesitate to contact us with any questions you may have since we do not always have the machines named above.<\/p>\n<p>&nbsp;<\/p>\n<p>[\/et_pb_text][et_pb_button button_url=\u00bbhttps:\/\/zocapi.com\/contacto\/\u00bb button_text=\u00bbContacto\u00bb button_alignment=\u00bbcenter\u00bb _builder_version=\u00bb4.14.4&#8243; _module_preset=\u00bbdefault\u00bb custom_button=\u00bbon\u00bb button_text_color=\u00bb#FFFFFF\u00bb button_bg_color=\u00bb#aa2117&#8243; button_border_radius=\u00bb9px\u00bb global_colors_info=\u00bb{}\u00bb][\/et_pb_button][\/et_pb_column][\/et_pb_row][\/et_pb_section]<\/p>","protected":false},"excerpt":{"rendered":"<p>COSECHADORAS Y SEMBRADORAS PARA EL CULTIVO DEL AJOMAQUINARIA DE SEGUNDAMANO PARA EL CULTIVO DEL AJOEn Maquin\u00e1ria Zocapi disponemos de las mejores m\u00e1quinas de segundamano del mercado, revisadas y puestas a punto para darle una segunda vida, el enumerado de m\u00e1quinas que solemos tener son: Cosechadoras atadoras de 1 y 2 hilos. Cosechadoras &#8211; Cortadoras 3 [&hellip;]<\/p>","protected":false},"author":1,"featured_media":0,"parent":0,"menu_order":0,"comment_status":"closed","ping_status":"closed","template":"","meta":{"_et_pb_use_builder":"on","_et_pb_old_content":"","_et_gb_content_width":"","footnotes":""},"class_list":["post-1813","page","type-page","status-publish","hentry"],"_links":{"self":[{"href":"https:\/\/zocapi.com\/en\/wp-json\/wp\/v2\/pages\/1813","targetHints":{"allow":["GET"]}}],"collection":[{"href":"https:\/\/zocapi.com\/en\/wp-json\/wp\/v2\/pages"}],"about":[{"href":"https:\/\/zocapi.com\/en\/wp-json\/wp\/v2\/types\/page"}],"author":[{"embeddable":true,"href":"https:\/\/zocapi.com\/en\/wp-json\/wp\/v2\/users\/1"}],"replies":[{"embeddable":true,"href":"https:\/\/zocapi.com\/en\/wp-json\/wp\/v2\/comments?post=1813"}],"version-history":[{"count":7,"href":"https:\/\/zocapi.com\/en\/wp-json\/wp\/v2\/pages\/1813\/revisions"}],"predecessor-version":[{"id":2061,"href":"https:\/\/zocapi.com\/en\/wp-json\/wp\/v2\/pages\/1813\/revisions\/2061"}],"wp:attachment":[{"href":"https:\/\/zocapi.com\/en\/wp-json\/wp\/v2\/media?parent=1813"}],"curies":[{"name":"wp","href":"https:\/\/api.w.org\/{rel}","templated":true}]}}